{"id":73,"date":"2016-06-14T06:15:58","date_gmt":"2016-06-14T06:15:58","guid":{"rendered":"http:\/\/sw-themes.com\/porto_dummy\/?page_id=73"},"modified":"2021-09-20T16:10:45","modified_gmt":"2021-09-20T13:10:45","slug":"contact-us","status":"publish","type":"page","link":"https:\/\/muratlarmakine.com.tr\/en\/contact-us\/","title":{"rendered":"Contact Us"},"content":{"rendered":"\t\t<div data-elementor-type=\"wp-post\" data-elementor-id=\"73\" class=\"elementor elementor-73\">\n\t\t\t\t\t\t\t\t\t<section class=\"elementor-section elementor-top-section elementor-element elementor-element-7a66f23 elementor-section-full_width elementor-section-height-default elementor-section-height-default\" data-id=\"7a66f23\" data-element_type=\"section\">\r\n\t\t\t\r\n\t\t\t\t\t\t\t\t\t<div class=\"elementor-container elementor-column-gap-no\">\r\n\t\t\t\t\t\t\t\t\t\t\t<div class=\"elementor-column elementor-col-100 elementor-top-column elementor-element elementor-element-bb12a82\" data-id=\"bb12a82\" data-element_type=\"column\">\r\n\r\n\t\t\t\t\t<div class=\"elementor-widget-wrap elementor-element-populated\">\r\n\t\t\t\t\t\t\t\t<div class=\"elementor-element elementor-element-234915c elementor-widget elementor-widget-google_maps\" data-id=\"234915c\" data-element_type=\"widget\" data-widget_type=\"google_maps.default\">\n\t\t\t\t<div class=\"elementor-widget-container\">\n\t\t\t<style>\/*! elementor - v3.6.1 - 23-03-2022 *\/\n.elementor-widget-google_maps .elementor-widget-container{overflow:hidden}.elementor-widget-google_maps iframe{height:300px}<\/style>\t\t<div class=\"elementor-custom-embed\">\n\t\t\t<iframe frameborder=\"0\" scrolling=\"no\" marginheight=\"0\" marginwidth=\"0\"\n\t\t\t\t\tsrc=\"https:\/\/maps.google.com\/maps?q=MURATLAR%20MAK%C4%B0NE%20%C4%B0MALAT%20%C4%B0TH.%C4%B0HR.SAN.%20VE%20T%C4%B0C.%20LTD.%C5%9ET%C4%B0.&#038;t=m&#038;z=16&#038;output=embed&#038;iwloc=near\"\n\t\t\t\t\ttitle=\"MURATLAR MAK\u0130NE \u0130MALAT \u0130TH.\u0130HR.SAN. VE T\u0130C. LTD.\u015eT\u0130.\"\n\t\t\t\t\taria-label=\"MURATLAR MAK\u0130NE \u0130MALAT \u0130TH.\u0130HR.SAN. VE T\u0130C. LTD.\u015eT\u0130.\"\n\t\t\t><\/iframe>\n\t\t<\/div>\n\t\t\t\t<\/div>\n\t\t\t\t<\/div>\n\t\t\t\t\t<\/div>\r\n\t\t\t\t<\/div>\r\n\t\t\t\t\t\t<\/div>\r\n\t\t\t\t<\/section>\r\n\t\t\t\t<section class=\"elementor-section elementor-top-section elementor-element elementor-element-79607d0 elementor-section-boxed elementor-section-height-default elementor-section-height-default\" data-id=\"79607d0\" data-element_type=\"section\">\r\n\t\t\t\r\n\t\t\t\t\t\t\t\t\t<div class=\"elementor-container elementor-column-gap-default\">\r\n\t\t\t\t\t\t\t\t\t\t\t<div class=\"elementor-column elementor-col-50 elementor-top-column elementor-element elementor-element-5a90c31\" data-id=\"5a90c31\" data-element_type=\"column\">\r\n\r\n\t\t\t\t\t<div class=\"elementor-widget-wrap elementor-element-populated\">\r\n\t\t\t\t\t\t\t\t<div class=\"elementor-element elementor-element-3bcfcf2 elementor-widget elementor-widget-shortcode\" data-id=\"3bcfcf2\" data-element_type=\"widget\" data-widget_type=\"shortcode.default\">\n\t\t\t\t<div class=\"elementor-widget-container\">\n\t\t\t\t\t<div class=\"elementor-shortcode\">\n<div class=\"wpcf7 no-js\" id=\"wpcf7-f4796-o1\" lang=\"tr-TR\" dir=\"ltr\">\n<div class=\"screen-reader-response\"><p role=\"status\" aria-live=\"polite\" aria-atomic=\"true\"><\/p> <ul><\/ul><\/div>\n<form action=\"\/en\/wp-json\/wp\/v2\/pages\/73#wpcf7-f4796-o1\" method=\"post\" class=\"wpcf7-form init\" aria-label=\"Contact form\" novalidate=\"novalidate\" data-status=\"init\">\n<div style=\"display: none;\">\n<input type=\"hidden\" name=\"_wpcf7\" value=\"4796\" \/>\n<input type=\"hidden\" name=\"_wpcf7_version\" value=\"5.7.7\" \/>\n<input type=\"hidden\" name=\"_wpcf7_locale\" value=\"tr_TR\" \/>\n<input type=\"hidden\" name=\"_wpcf7_unit_tag\" value=\"wpcf7-f4796-o1\" \/>\n<input type=\"hidden\" name=\"_wpcf7_container_post\" value=\"0\" \/>\n<input type=\"hidden\" name=\"_wpcf7_posted_data_hash\" value=\"\" \/>\n<\/div>\n<div class=\"row\">\n\t<div class=\"col-md-12\" style=\"margin-bottom:12px;\">\n\t\t<p><span class=\"wpcf7-form-control-wrap\" data-name=\"your-name\"><input size=\"40\" class=\"wpcf7-form-control wpcf7-text wpcf7-validates-as-required form-control\" aria-required=\"true\" aria-invalid=\"false\" placeholder=\"Name and Surname*\" value=\"\" type=\"text\" name=\"your-name\" \/><\/span>\n\t\t<\/p>\n\t<\/div>\n<\/div>\n<div class=\"row\">\n\t<div class=\"col-md-6\" style=\"margin-bottom:12px;\">\n\t\t<p><span class=\"wpcf7-form-control-wrap\" data-name=\"your-email\"><input size=\"40\" class=\"wpcf7-form-control wpcf7-text wpcf7-email wpcf7-validates-as-required wpcf7-validates-as-email form-control\" aria-required=\"true\" aria-invalid=\"false\" placeholder=\"Email Address *\" value=\"\" type=\"email\" name=\"your-email\" \/><\/span>\n\t\t<\/p>\n\t<\/div>\n\t<div class=\"col-md-6\" style=\"margin-bottom:12px;\">\n\t\t<p><span class=\"wpcf7-form-control-wrap\" data-name=\"your-telefon\"><input size=\"40\" class=\"wpcf7-form-control wpcf7-text wpcf7-validates-as-required form-control\" aria-required=\"true\" aria-invalid=\"false\" placeholder=\"Phone Number *\" value=\"\" type=\"text\" name=\"your-telefon\" \/><\/span>\n\t\t<\/p>\n\t<\/div>\n<\/div>\n<div class=\"row\">\n\t<div class=\"col-md-12\" style=\"margin-bottom:12px;\">\n\t\t<p><span class=\"wpcf7-form-control-wrap\" data-name=\"your-subject\"><input size=\"40\" class=\"wpcf7-form-control wpcf7-text wpcf7-validates-as-required form-control\" aria-required=\"true\" aria-invalid=\"false\" placeholder=\"Subject *\" value=\"\" type=\"text\" name=\"your-subject\" \/><\/span>\n\t\t<\/p>\n\t<\/div>\n<\/div>\n<div class=\"row\">\n\t<div class=\"col-md-12\" style=\"margin-bottom:12px;\">\n\t\t<p><span class=\"wpcf7-form-control-wrap\" data-name=\"mesajiniz\"><textarea cols=\"40\" rows=\"3\" class=\"wpcf7-form-control wpcf7-textarea form-control\" aria-invalid=\"false\" placeholder=\"Message *\" name=\"mesajiniz\"><\/textarea><\/span>\n\t\t<\/p>\n\t<\/div>\n<\/div>\n<div class=\"row\">\n\t<div class=\"col-md-12\" style=\"margin-bottom:12px;\">\n\t\t<p><input class=\"wpcf7-form-control has-spinner wpcf7-submit\" type=\"submit\" value=\"Submit\" \/>\n\t\t<\/p>\n\t<\/div>\n<\/div><div class=\"wpcf7-response-output\" aria-hidden=\"true\"><\/div>\n<\/form>\n<\/div>\n<\/div>\n\t\t\t\t<\/div>\n\t\t\t\t<\/div>\n\t\t\t\t\t<\/div>\r\n\t\t\t\t<\/div>\r\n\t\t\t\t<div class=\"elementor-column elementor-col-50 elementor-top-column elementor-element elementor-element-951db16\" data-id=\"951db16\" data-element_type=\"column\">\r\n\r\n\t\t\t\t\t<div class=\"elementor-widget-wrap elementor-element-populated\">\r\n\t\t\t\t\t\t\t\t<div class=\"elementor-element elementor-element-5d7530d elementor-widget elementor-widget-heading\" data-id=\"5d7530d\" data-element_type=\"widget\" data-widget_type=\"heading.default\">\n\t\t\t\t<div class=\"elementor-widget-container\">\n\t\t\t<style>\/*! elementor - v3.6.1 - 23-03-2022 *\/\n.elementor-heading-title{padding:0;margin:0;line-height:1}.elementor-widget-heading .elementor-heading-title[class*=elementor-size-]>a{color:inherit;font-size:inherit;line-height:inherit}.elementor-widget-heading .elementor-heading-title.elementor-size-small{font-size:15px}.elementor-widget-heading .elementor-heading-title.elementor-size-medium{font-size:19px}.elementor-widget-heading .elementor-heading-title.elementor-size-large{font-size:29px}.elementor-widget-heading .elementor-heading-title.elementor-size-xl{font-size:39px}.elementor-widget-heading .elementor-heading-title.elementor-size-xxl{font-size:59px}<\/style><h4 class=\"elementor-heading-title elementor-size-default\"><b>Address <\/b> Our Information<\/h4>\t\t<\/div>\n\t\t\t\t<\/div>\n\t\t\t\t<div class=\"elementor-element elementor-element-9807a4a elementor-widget elementor-widget-porto_info_box\" data-id=\"9807a4a\" data-element_type=\"widget\" data-widget_type=\"porto_info_box.default\">\n\t\t\t\t<div class=\"elementor-widget-container\">\n\t\t\t<div class=\"porto-sicon-box style_1 default-icon\"><div class=\"porto-sicon-default\"><div class=\"porto-just-icon-wrapper porto-icon advanced\" style=\"background:transparent;\"><i class=\"fas fa-map-marker-alt\"><\/i><\/div><\/div><div class=\"porto-sicon-header\"><h3 class=\"porto-sicon-title\" style=\"\">Keresteciler San.Sitesi.Saray Mah. 23.Cad. No:14 Kahramankazan \/ ANKARA \/ T\u00dcRK\u0130YE<\/h3><\/div> <!-- header --><\/div><!-- porto-sicon-box -->\t\t<\/div>\n\t\t\t\t<\/div>\n\t\t\t\t<div class=\"elementor-element elementor-element-bf6deef elementor-widget elementor-widget-porto_info_box\" data-id=\"bf6deef\" data-element_type=\"widget\" data-widget_type=\"porto_info_box.default\">\n\t\t\t\t<div class=\"elementor-widget-container\">\n\t\t\t<div class=\"porto-sicon-box style_1 default-icon\"><div class=\"porto-sicon-default\"><div class=\"porto-just-icon-wrapper porto-icon advanced\" style=\"background:transparent;\"><i class=\"fas fa-phone\"><\/i><\/div><\/div><div class=\"porto-sicon-header\"><h3 class=\"porto-sicon-title\" style=\"\">0312 815 14 14<\/h3><\/div> <!-- header --><\/div><!-- porto-sicon-box -->\t\t<\/div>\n\t\t\t\t<\/div>\n\t\t\t\t<div class=\"elementor-element elementor-element-3419c65 elementor-widget elementor-widget-porto_info_box\" data-id=\"3419c65\" data-element_type=\"widget\" data-widget_type=\"porto_info_box.default\">\n\t\t\t\t<div class=\"elementor-widget-container\">\n\t\t\t<div class=\"porto-sicon-box style_1 default-icon\"><div class=\"porto-sicon-default\"><div class=\"porto-just-icon-wrapper porto-icon advanced\" style=\"background:transparent;\"><i class=\"fas fa-phone\"><\/i><\/div><\/div><div class=\"porto-sicon-header\"><h3 class=\"porto-sicon-title\" style=\"\">0 555 094 00 91\/92<\/h3><\/div> <!-- header --><\/div><!-- porto-sicon-box -->\t\t<\/div>\n\t\t\t\t<\/div>\n\t\t\t\t<div class=\"elementor-element elementor-element-7d5c3a0 elementor-widget elementor-widget-porto_info_box\" data-id=\"7d5c3a0\" data-element_type=\"widget\" data-widget_type=\"porto_info_box.default\">\n\t\t\t\t<div class=\"elementor-widget-container\">\n\t\t\t<div class=\"porto-sicon-box style_1 default-icon\"><div class=\"porto-sicon-default\"><div class=\"porto-just-icon-wrapper porto-icon advanced\" style=\"background:transparent;\"><i class=\"fas fa-fax\"><\/i><\/div><\/div><div class=\"porto-sicon-header\"><h3 class=\"porto-sicon-title\" style=\"\">0312 815 14 04<\/h3><\/div> <!-- header --><\/div><!-- porto-sicon-box -->\t\t<\/div>\n\t\t\t\t<\/div>\n\t\t\t\t<div class=\"elementor-element elementor-element-1c442a7 mb-5 elementor-widget elementor-widget-porto_info_box\" data-id=\"1c442a7\" data-element_type=\"widget\" data-widget_type=\"porto_info_box.default\">\n\t\t\t\t<div class=\"elementor-widget-container\">\n\t\t\t<div class=\"porto-sicon-box style_1 default-icon\"><div class=\"porto-sicon-default\"><div class=\"porto-just-icon-wrapper porto-icon advanced\" style=\"background:transparent;\"><i class=\"fas fa-envelope\"><\/i><\/div><\/div><div class=\"porto-sicon-header\"><h3 class=\"porto-sicon-title\" style=\"\">murat@muratlarmakine.com.tr<\/h3><p >fatih@muratlarmakine.com.tr<\/p><\/div> <!-- header --><\/div><!-- porto-sicon-box -->\t\t<\/div>\n\t\t\t\t<\/div>\n\t\t\t\t\t<\/div>\r\n\t\t\t\t<\/div>\r\n\t\t\t\t\t\t<\/div>\r\n\t\t\t\t<\/section>\r\n\t\t\t\t<section class=\"elementor-section elementor-top-section elementor-element elementor-element-8b17e9c call-to-action-in-footer elementor-section-boxed elementor-section-height-default elementor-section-height-default\" data-id=\"8b17e9c\" data-element_type=\"section\" data-settings=\"{&quot;background_background&quot;:&quot;classic&quot;}\">\r\n\t\t\t\r\n\t\t\t\t\t\t\t\t\t<div class=\"elementor-container elementor-column-gap-default\">\r\n\t\t\t\t\t\t\t\t\t\t\t<div class=\"elementor-column elementor-col-66 elementor-top-column elementor-element elementor-element-701c8c4 pl-lg-5\" data-id=\"701c8c4\" data-element_type=\"column\">\r\n\r\n\t\t\t\t\t<div class=\"elementor-widget-wrap elementor-element-populated\">\r\n\t\t\t\t\t\t\t\t<div class=\"elementor-element elementor-element-7bbd1bd mb-2 elementor-widget elementor-widget-heading\" data-id=\"7bbd1bd\" data-element_type=\"widget\" data-widget_type=\"heading.default\">\n\t\t\t\t<div class=\"elementor-widget-container\">\n\t\t\t<h2 class=\"elementor-heading-title elementor-size-default\">You can call us for <strong>orders, questions and other information<\/strong> about our services.<\/h2>\t\t<\/div>\n\t\t\t\t<\/div>\n\t\t\t\t<div class=\"elementor-element elementor-element-3296fde elementor-widget elementor-widget-text-editor\" data-id=\"3296fde\" data-element_type=\"widget\" data-widget_type=\"text-editor.default\">\n\t\t\t\t<div class=\"elementor-widget-container\">\n\t\t\t<style>\/*! elementor - v3.6.1 - 23-03-2022 *\/\n.elementor-widget-text-editor.elementor-drop-cap-view-stacked .elementor-drop-cap{background-color:#818a91;color:#fff}.elementor-widget-text-editor.elementor-drop-cap-view-framed .elementor-drop-cap{color:#818a91;border:3px solid;background-color:transparent}.elementor-widget-text-editor:not(.elementor-drop-cap-view-default) .elementor-drop-cap{margin-top:8px}.elementor-widget-text-editor:not(.elementor-drop-cap-view-default) .elementor-drop-cap-letter{width:1em;height:1em}.elementor-widget-text-editor .elementor-drop-cap{float:left;text-align:center;line-height:1;font-size:50px}.elementor-widget-text-editor .elementor-drop-cap-letter{display:inline-block}<\/style>\t\t\t\t\t\t\t\t\t\t<\/div>\n\t\t\t\t<\/div>\n\t\t\t\t\t<\/div>\r\n\t\t\t\t<\/div>\r\n\t\t\t\t<div class=\"elementor-column elementor-col-33 elementor-top-column elementor-element elementor-element-19a8887\" data-id=\"19a8887\" data-element_type=\"column\">\r\n\r\n\t\t\t\t\t<div class=\"elementor-widget-wrap elementor-element-populated\">\r\n\t\t\t\t\t\t\t\t<div class=\"elementor-element elementor-element-e93b2cc p-t-sm text-lg-left elementor-widget elementor-widget-porto_button\" data-id=\"e93b2cc\" data-element_type=\"widget\" data-widget_type=\"porto_button.default\">\n\t\t\t\t<div class=\"elementor-widget-container\">\n\t\t\t<a class=\"btn btn-lg btn-dark btn-modern\" href=\"tel:03128151414\"><span >Call Phone<\/span><span class=\"dir-arrow hlb\" data-appear-animation-delay=\"800\" data-appear-animation=\"rotateInUpLeft\"><\/span><\/a>\t\t<\/div>\n\t\t\t\t<\/div>\n\t\t\t\t\t<\/div>\r\n\t\t\t\t<\/div>\r\n\t\t\t\t\t\t<\/div>\r\n\t\t\t\t<\/section>\r\n\t\t\t\t\t\t\t<\/div>\n\t\t","protected":false},"excerpt":{"rendered":"<p>Address Our Information Keresteciler San.Sitesi.Saray Mah. 23.Cad. No:14 Kahramankazan \/ ANKARA \/ T\u00dcRK\u0130YE 0312 815 14 14 0 555 094 00 91\/92 0312 815 14 04 murat@muratlarmakine.com.tr fatih@muratlarmakine.com.tr You can call us for orders, questions and other information about our services. Call Phone<\/p>\n","protected":false},"author":1,"featured_media":0,"parent":0,"menu_order":0,"comment_status":"closed","ping_status":"closed","template":"","meta":{"footnotes":""},"class_list":["post-73","page","type-page","status-publish","hentry"],"yoast_head":"<!-- This site is optimized with the Yoast SEO plugin v24.9 - https:\/\/yoast.com\/wordpress\/plugins\/seo\/ -->\n<title>Contact Us - Muratlar Machine - Ankara<\/title>\n<meta name=\"description\" content=\"Muratlar Makine contact information phone: 0312 815 14 14 . Address: Keresteciler San. Sitesi. 23. Cd. No:14 Kazan\/Ankara..\" \/>\n<meta name=\"robots\" content=\"index, follow, max-snippet:-1, max-image-preview:large, max-video-preview:-1\" \/>\n<link rel=\"canonical\" href=\"https:\/\/muratlarmakine.com.tr\/en\/contact-us\/\" \/>\n<meta property=\"og:locale\" content=\"en_US\" \/>\n<meta property=\"og:type\" content=\"article\" \/>\n<meta property=\"og:title\" content=\"Contact Us - Muratlar Machine - Ankara\" \/>\n<meta property=\"og:description\" content=\"\u0130leti\u015fim i\u00e7in 0312 815 14 14 bizleri arayabilir, Keresteciler San. Sitesi. 23. Cd. No:14 Kazan\/Ankara adresinden bize ula\u015fabilirsiniz.\" \/>\n<meta property=\"og:url\" content=\"https:\/\/muratlarmakine.com.tr\/en\/contact-us\/\" \/>\n<meta property=\"og:site_name\" content=\"Muratlar Machine\" \/>\n<meta property=\"article:modified_time\" content=\"2021-09-20T13:10:45+00:00\" \/>\n<meta property=\"og:image\" content=\"https:\/\/muratlarmakine.com.tr\/en\/wp-content\/uploads\/2021\/08\/muratlar-makine-tanitim.jpg\" \/>\n\t<meta property=\"og:image:width\" content=\"1280\" \/>\n\t<meta property=\"og:image:height\" content=\"720\" \/>\n\t<meta property=\"og:image:type\" content=\"image\/jpeg\" \/>\n<meta name=\"twitter:card\" content=\"summary_large_image\" \/>\n<meta name=\"twitter:description\" content=\"\u0130leti\u015fim i\u00e7in 0312 815 14 14 bizleri arayabilir, Keresteciler San. Sitesi. 23. Cd. No:14 Kazan\/Ankara adresinden bize ula\u015fabilirsiniz.\" \/>\n<meta name=\"twitter:image\" content=\"https:\/\/muratlarmakine.com.tr\/en\/wp-content\/uploads\/2021\/08\/muratlar-makine-tanitim.jpg\" \/>\n<meta name=\"twitter:label1\" content=\"Est. reading time\" \/>\n\t<meta name=\"twitter:data1\" content=\"1 minute\" \/>\n<script type=\"application\/ld+json\" class=\"yoast-schema-graph\">{\"@context\":\"https:\/\/schema.org\",\"@graph\":[{\"@type\":\"WebPage\",\"@id\":\"https:\/\/muratlarmakine.com.tr\/en\/contact-us\/\",\"url\":\"https:\/\/muratlarmakine.com.tr\/en\/contact-us\/\",\"name\":\"Contact Us - Muratlar Machine - Ankara\",\"isPartOf\":{\"@id\":\"https:\/\/muratlarmakine.com.tr\/en\/#website\"},\"datePublished\":\"2016-06-14T06:15:58+00:00\",\"dateModified\":\"2021-09-20T13:10:45+00:00\",\"description\":\"Muratlar Makine contact information phone: 0312 815 14 14 . Address: Keresteciler San. Sitesi. 23. Cd. No:14 Kazan\/Ankara..\",\"inLanguage\":\"en-US\",\"potentialAction\":[{\"@type\":\"ReadAction\",\"target\":[\"https:\/\/muratlarmakine.com.tr\/en\/contact-us\/\"]}]},{\"@type\":\"WebSite\",\"@id\":\"https:\/\/muratlarmakine.com.tr\/en\/#website\",\"url\":\"https:\/\/muratlarmakine.com.tr\/en\/\",\"name\":\"Muratlar Machine\",\"description\":\"Honeycomb Platform Grating\",\"potentialAction\":[{\"@type\":\"SearchAction\",\"target\":{\"@type\":\"EntryPoint\",\"urlTemplate\":\"https:\/\/muratlarmakine.com.tr\/en\/?s={search_term_string}\"},\"query-input\":{\"@type\":\"PropertyValueSpecification\",\"valueRequired\":true,\"valueName\":\"search_term_string\"}}],\"inLanguage\":\"en-US\"}]}<\/script>\n<!-- \/ Yoast SEO plugin. -->","yoast_head_json":{"title":"Contact Us - Muratlar Machine - Ankara","description":"Muratlar Makine contact information phone: 0312 815 14 14 . Address: Keresteciler San. Sitesi. 23. Cd. No:14 Kazan\/Ankara..","robots":{"index":"index","follow":"follow","max-snippet":"max-snippet:-1","max-image-preview":"max-image-preview:large","max-video-preview":"max-video-preview:-1"},"canonical":"https:\/\/muratlarmakine.com.tr\/en\/contact-us\/","og_locale":"en_US","og_type":"article","og_title":"Contact Us - Muratlar Machine - Ankara","og_description":"\u0130leti\u015fim i\u00e7in 0312 815 14 14 bizleri arayabilir, Keresteciler San. Sitesi. 23. Cd. No:14 Kazan\/Ankara adresinden bize ula\u015fabilirsiniz.","og_url":"https:\/\/muratlarmakine.com.tr\/en\/contact-us\/","og_site_name":"Muratlar Machine","article_modified_time":"2021-09-20T13:10:45+00:00","og_image":[{"width":1280,"height":720,"url":"https:\/\/muratlarmakine.com.tr\/en\/wp-content\/uploads\/2021\/08\/muratlar-makine-tanitim.jpg","type":"image\/jpeg"}],"twitter_card":"summary_large_image","twitter_description":"\u0130leti\u015fim i\u00e7in 0312 815 14 14 bizleri arayabilir, Keresteciler San. Sitesi. 23. Cd. No:14 Kazan\/Ankara adresinden bize ula\u015fabilirsiniz.","twitter_image":"https:\/\/muratlarmakine.com.tr\/en\/wp-content\/uploads\/2021\/08\/muratlar-makine-tanitim.jpg","twitter_misc":{"Est. reading time":"1 minute"},"schema":{"@context":"https:\/\/schema.org","@graph":[{"@type":"WebPage","@id":"https:\/\/muratlarmakine.com.tr\/en\/contact-us\/","url":"https:\/\/muratlarmakine.com.tr\/en\/contact-us\/","name":"Contact Us - Muratlar Machine - Ankara","isPartOf":{"@id":"https:\/\/muratlarmakine.com.tr\/en\/#website"},"datePublished":"2016-06-14T06:15:58+00:00","dateModified":"2021-09-20T13:10:45+00:00","description":"Muratlar Makine contact information phone: 0312 815 14 14 . Address: Keresteciler San. Sitesi. 23. Cd. No:14 Kazan\/Ankara..","inLanguage":"en-US","potentialAction":[{"@type":"ReadAction","target":["https:\/\/muratlarmakine.com.tr\/en\/contact-us\/"]}]},{"@type":"WebSite","@id":"https:\/\/muratlarmakine.com.tr\/en\/#website","url":"https:\/\/muratlarmakine.com.tr\/en\/","name":"Muratlar Machine","description":"Honeycomb Platform Grating","potentialAction":[{"@type":"SearchAction","target":{"@type":"EntryPoint","urlTemplate":"https:\/\/muratlarmakine.com.tr\/en\/?s={search_term_string}"},"query-input":{"@type":"PropertyValueSpecification","valueRequired":true,"valueName":"search_term_string"}}],"inLanguage":"en-US"}]}},"_links":{"self":[{"href":"https:\/\/muratlarmakine.com.tr\/en\/wp-json\/wp\/v2\/pages\/73","targetHints":{"allow":["GET"]}}],"collection":[{"href":"https:\/\/muratlarmakine.com.tr\/en\/wp-json\/wp\/v2\/pages"}],"about":[{"href":"https:\/\/muratlarmakine.com.tr\/en\/wp-json\/wp\/v2\/types\/page"}],"author":[{"embeddable":true,"href":"https:\/\/muratlarmakine.com.tr\/en\/wp-json\/wp\/v2\/users\/1"}],"replies":[{"embeddable":true,"href":"https:\/\/muratlarmakine.com.tr\/en\/wp-json\/wp\/v2\/comments?post=73"}],"version-history":[{"count":34,"href":"https:\/\/muratlarmakine.com.tr\/en\/wp-json\/wp\/v2\/pages\/73\/revisions"}],"predecessor-version":[{"id":5659,"href":"https:\/\/muratlarmakine.com.tr\/en\/wp-json\/wp\/v2\/pages\/73\/revisions\/5659"}],"wp:attachment":[{"href":"https:\/\/muratlarmakine.com.tr\/en\/wp-json\/wp\/v2\/media?parent=73"}],"curies":[{"name":"wp","href":"https:\/\/api.w.org\/{rel}","templated":true}]}}