{"id":55,"date":"2016-06-13T15:48:45","date_gmt":"2016-06-13T15:48:45","guid":{"rendered":"http:\/\/sw-themes.com\/porto_dummy\/?page_id=55"},"modified":"2021-09-20T15:26:04","modified_gmt":"2021-09-20T12:26:04","slug":"about-us","status":"publish","type":"page","link":"https:\/\/muratlarmakine.com.tr\/en\/about-us\/","title":{"rendered":"About Us"},"content":{"rendered":"\t\t<div data-elementor-type=\"wp-post\" data-elementor-id=\"55\" class=\"elementor elementor-55\">\n\t\t\t\t\t\t\t\t\t<section class=\"elementor-section elementor-top-section elementor-element elementor-element-cfe4787 elementor-section-boxed elementor-section-height-default elementor-section-height-default\" data-id=\"cfe4787\" data-element_type=\"section\">\r\n\t\t\t\r\n\t\t\t\t\t\t\t\t\t<div class=\"elementor-container elementor-column-gap-default\">\r\n\t\t\t\t\t\t\t\t\t\t\t<div class=\"elementor-column elementor-col-50 elementor-top-column elementor-element elementor-element-5e148d1\" data-id=\"5e148d1\" data-element_type=\"column\">\r\n\r\n\t\t\t\t\t<div class=\"elementor-widget-wrap elementor-element-populated\">\r\n\t\t\t\t\t\t\t\t<div class=\"elementor-element elementor-element-03571d8 mb-3 elementor-widget elementor-widget-heading\" data-id=\"03571d8\" data-element_type=\"widget\" data-widget_type=\"heading.default\">\n\t\t\t\t<div class=\"elementor-widget-container\">\n\t\t\t<style>\/*! elementor - v3.6.1 - 23-03-2022 *\/\n.elementor-heading-title{padding:0;margin:0;line-height:1}.elementor-widget-heading .elementor-heading-title[class*=elementor-size-]>a{color:inherit;font-size:inherit;line-height:inherit}.elementor-widget-heading .elementor-heading-title.elementor-size-small{font-size:15px}.elementor-widget-heading .elementor-heading-title.elementor-size-medium{font-size:19px}.elementor-widget-heading .elementor-heading-title.elementor-size-large{font-size:29px}.elementor-widget-heading .elementor-heading-title.elementor-size-xl{font-size:39px}.elementor-widget-heading .elementor-heading-title.elementor-size-xxl{font-size:59px}<\/style><h2 class=\"elementor-heading-title elementor-size-default\"><strong>Muratlar Makine <\/strong> \u0130malat \u0130th. \u0130hr. San. ve Tic. Ltd. \u015eti.\u200b<\/h2>\t\t<\/div>\n\t\t\t\t<\/div>\n\t\t\t\t<div class=\"elementor-element elementor-element-3e1dbbd m-r-sm m-b elementor-widget elementor-widget-text-editor\" data-id=\"3e1dbbd\" data-element_type=\"widget\" data-widget_type=\"text-editor.default\">\n\t\t\t\t<div class=\"elementor-widget-container\">\n\t\t\t<style>\/*! elementor - v3.6.1 - 23-03-2022 *\/\n.elementor-widget-text-editor.elementor-drop-cap-view-stacked .elementor-drop-cap{background-color:#818a91;color:#fff}.elementor-widget-text-editor.elementor-drop-cap-view-framed .elementor-drop-cap{color:#818a91;border:3px solid;background-color:transparent}.elementor-widget-text-editor:not(.elementor-drop-cap-view-default) .elementor-drop-cap{margin-top:8px}.elementor-widget-text-editor:not(.elementor-drop-cap-view-default) .elementor-drop-cap-letter{width:1em;height:1em}.elementor-widget-text-editor .elementor-drop-cap{float:left;text-align:center;line-height:1;font-size:50px}.elementor-widget-text-editor .elementor-drop-cap-letter{display:inline-block}<\/style>\t\t\t\t<p class=\"lead\">It was established in Ankara, the industrial base of Turkey, in 2018 and took its name from the company founder. The purpose of establishment and specialization of the company is grating and expanded metal and construction manufacturing.<\/p><p>Since its establishment, it has been taking firm steps towards becoming a leading company that is constantly growing, developing and increasing its market share day by day in accordance with its Mission and Vision.<\/p><p>Mak. M\u00fch. Murat \u00c7EL\u0130K<br \/>General manager<\/p>\t\t\t\t\t\t<\/div>\n\t\t\t\t<\/div>\n\t\t\t\t\t<\/div>\r\n\t\t\t\t<\/div>\r\n\t\t\t\t<div class=\"elementor-column elementor-col-50 elementor-top-column elementor-element elementor-element-6617bbe\" data-id=\"6617bbe\" data-element_type=\"column\">\r\n\r\n\t\t\t\t\t<div class=\"elementor-widget-wrap elementor-element-populated\">\r\n\t\t\t\t\t\t\t\t<div class=\"elementor-element elementor-element-274b2dc elementor-widget elementor-widget-image\" data-id=\"274b2dc\" data-element_type=\"widget\" data-widget_type=\"image.default\">\n\t\t\t\t<div class=\"elementor-widget-container\">\n\t\t\t<style>\/*! elementor - v3.6.1 - 23-03-2022 *\/\n.elementor-widget-image{text-align:center}.elementor-widget-image a{display:inline-block}.elementor-widget-image a img[src$=\".svg\"]{width:48px}.elementor-widget-image img{vertical-align:middle;display:inline-block}<\/style>\t\t\t\t\t\t\t\t\t\t\t\t<img loading=\"lazy\" decoding=\"async\" width=\"693\" height=\"469\" src=\"https:\/\/muratlarmakine.com.tr\/en\/wp-content\/uploads\/2021\/08\/kurumsal-2x.jpg\" class=\"attachment-large size-large\" alt=\"\" srcset=\"https:\/\/muratlarmakine.com.tr\/en\/wp-content\/uploads\/2021\/08\/kurumsal-2x.jpg 693w, https:\/\/muratlarmakine.com.tr\/en\/wp-content\/uploads\/2021\/08\/kurumsal-2x-640x433.jpg 640w, https:\/\/muratlarmakine.com.tr\/en\/wp-content\/uploads\/2021\/08\/kurumsal-2x-400x271.jpg 400w\" sizes=\"auto, (max-width: 693px) 100vw, 693px\" \/>\t\t\t\t\t\t\t\t\t\t\t\t\t\t\t<\/div>\n\t\t\t\t<\/div>\n\t\t\t\t\t<\/div>\r\n\t\t\t\t<\/div>\r\n\t\t\t\t\t\t<\/div>\r\n\t\t\t\t<\/section>\r\n\t\t\t\t<section class=\"elementor-section elementor-top-section elementor-element elementor-element-eae09d1 elementor-section-boxed elementor-section-height-default elementor-section-height-default elementor-invisible\" data-id=\"eae09d1\" data-element_type=\"section\" data-settings=\"{&quot;background_background&quot;:&quot;classic&quot;,&quot;animation&quot;:&quot;fadeIn&quot;,&quot;animation_delay&quot;:&quot;100&quot;}\">\r\n\t\t\t\r\n\t\t\t\t\t\t\t\t\t<div class=\"elementor-container elementor-column-gap-default\">\r\n\t\t\t\t\t\t\t\t\t\t\t<div class=\"elementor-column elementor-col-100 elementor-top-column elementor-element elementor-element-2bc8b6c\" data-id=\"2bc8b6c\" data-element_type=\"column\">\r\n\r\n\t\t\t\t\t<div class=\"elementor-widget-wrap elementor-element-populated\">\r\n\t\t\t\t\t\t\t\t<div class=\"elementor-element elementor-element-e0c6d8b elementor-widget elementor-widget-porto_info_box\" data-id=\"e0c6d8b\" data-element_type=\"widget\" data-widget_type=\"porto_info_box.default\">\n\t\t\t\t<div class=\"elementor-widget-container\">\n\t\t\t<div class=\"porto-sicon-box style_1 left-icon\"><div class=\"porto-sicon-body\"><div class=\"porto-sicon-header\"><h3 class=\"porto-sicon-title\" style=\"\">EXPORT<\/h3><\/div> <!-- header --><div class=\"porto-sicon-description\" style=\"\" ><p>Muratlar Makine made its first export to Kosovo in 2018; As of 2018, it has started to work with leading companies in its sector.<\/p><\/div> <!-- description --><\/div><\/div><!-- porto-sicon-box -->\t\t<\/div>\n\t\t\t\t<\/div>\n\t\t\t\t\t<\/div>\r\n\t\t\t\t<\/div>\r\n\t\t\t\t\t\t<\/div>\r\n\t\t\t\t<\/section>\r\n\t\t\t\t<section class=\"elementor-section elementor-top-section elementor-element elementor-element-379d091 elementor-section-boxed elementor-section-height-default elementor-section-height-default\" data-id=\"379d091\" data-element_type=\"section\" data-settings=\"{&quot;background_background&quot;:&quot;classic&quot;}\">\r\n\t\t\t\r\n\t\t\t\t\t\t\t\t\t<div class=\"elementor-container elementor-column-gap-default\">\r\n\t\t\t\t\t\t\t\t\t\t\t<div class=\"elementor-column elementor-col-50 elementor-top-column elementor-element elementor-element-882afdd pr-lg-4\" data-id=\"882afdd\" data-element_type=\"column\">\r\n\r\n\t\t\t\t\t<div class=\"elementor-widget-wrap elementor-element-populated\">\r\n\t\t\t\t\t\t\t\t<div class=\"elementor-element elementor-element-9da6844 mb-3 elementor-widget elementor-widget-heading\" data-id=\"9da6844\" data-element_type=\"widget\" data-widget_type=\"heading.default\">\n\t\t\t\t<div class=\"elementor-widget-container\">\n\t\t\t<h2 class=\"elementor-heading-title elementor-size-default\">Our <strong> Quality Policy<\/strong><\/h2>\t\t<\/div>\n\t\t\t\t<\/div>\n\t\t\t\t<div class=\"elementor-element elementor-element-f36b90b m-r-sm m-b elementor-widget elementor-widget-text-editor\" data-id=\"f36b90b\" data-element_type=\"widget\" data-widget_type=\"text-editor.default\">\n\t\t\t\t<div class=\"elementor-widget-container\">\n\t\t\t\t\t\t\t<ul><li>To meet your needs in accordance with your wishes on time and in the desired way,<\/li><li>Adopting continuous improvement, development and change as our basic philosophy in all circumstances,<\/li><li>To ensure the continuity of our quality; To be a team that is educated, adopts team spirit and works with devotion,<\/li><li>To contribute to the development of our business partners,<\/li><li>To institutionalize in an environmentally friendly manner by protecting our country&#8217;s natural resources and using them in the most efficient way,<\/li><li>To be a leading company in its sector with its technology, quality, competitive price understanding and reliability,<\/li><li>We will comply with all laws and regulations, applicable conditions and your special requests, and be your solution partner, while performing all our activities,<\/li><\/ul><p>We are committed.<\/p>\t\t\t\t\t\t<\/div>\n\t\t\t\t<\/div>\n\t\t\t\t\t<\/div>\r\n\t\t\t\t<\/div>\r\n\t\t\t\t<div class=\"elementor-column elementor-col-50 elementor-top-column elementor-element elementor-element-6ac52b8 mt-5 pt-5\" data-id=\"6ac52b8\" data-element_type=\"column\">\r\n\r\n\t\t\t\t\t<div class=\"elementor-widget-wrap elementor-element-populated\">\r\n\t\t\t\t\t\t\t\t<div class=\"elementor-element elementor-element-1708266 elementor-widget__width-auto elementor-absolute elementor-invisible elementor-widget elementor-widget-image\" data-id=\"1708266\" data-element_type=\"widget\" data-settings=\"{&quot;_animation&quot;:&quot;zoomIn&quot;,&quot;_animation_delay&quot;:&quot;300&quot;,&quot;_position&quot;:&quot;absolute&quot;}\" data-widget_type=\"image.default\">\n\t\t\t\t<div class=\"elementor-widget-container\">\n\t\t\t\t\t\t\t\t\t\t\t\t\t\t\t<img loading=\"lazy\" decoding=\"async\" width=\"164\" height=\"148\" src=\"https:\/\/muratlarmakine.com.tr\/en\/wp-content\/uploads\/2018\/11\/generic-corporate-3-1.jpg\" class=\"attachment-full size-full\" alt=\"\" \/>\t\t\t\t\t\t\t\t\t\t\t\t\t\t\t<\/div>\n\t\t\t\t<\/div>\n\t\t\t\t<div class=\"elementor-element elementor-element-283dd8a elementor-widget__width-auto elementor-absolute elementor-invisible elementor-widget elementor-widget-image\" data-id=\"283dd8a\" data-element_type=\"widget\" data-settings=\"{&quot;_animation&quot;:&quot;zoomIn&quot;,&quot;_animation_delay&quot;:&quot;100&quot;,&quot;_position&quot;:&quot;absolute&quot;}\" data-widget_type=\"image.default\">\n\t\t\t\t<div class=\"elementor-widget-container\">\n\t\t\t\t\t\t\t\t\t\t\t\t\t\t\t<img loading=\"lazy\" decoding=\"async\" width=\"1170\" height=\"450\" src=\"https:\/\/muratlarmakine.com.tr\/en\/wp-content\/uploads\/2020\/03\/our-office-1.jpg\" class=\"attachment-full size-full\" alt=\"\" srcset=\"https:\/\/muratlarmakine.com.tr\/en\/wp-content\/uploads\/2020\/03\/our-office-1.jpg 1170w, https:\/\/muratlarmakine.com.tr\/en\/wp-content\/uploads\/2020\/03\/our-office-1-1024x394.jpg 1024w, https:\/\/muratlarmakine.com.tr\/en\/wp-content\/uploads\/2020\/03\/our-office-1-768x295.jpg 768w, https:\/\/muratlarmakine.com.tr\/en\/wp-content\/uploads\/2020\/03\/our-office-1-640x246.jpg 640w, https:\/\/muratlarmakine.com.tr\/en\/wp-content\/uploads\/2020\/03\/our-office-1-400x154.jpg 400w, https:\/\/muratlarmakine.com.tr\/en\/wp-content\/uploads\/2020\/03\/our-office-1-367x141.jpg 367w\" sizes=\"auto, (max-width: 1170px) 100vw, 1170px\" \/>\t\t\t\t\t\t\t\t\t\t\t\t\t\t\t<\/div>\n\t\t\t\t<\/div>\n\t\t\t\t<div class=\"elementor-element elementor-element-32f6541 z-index-1 elementor-widget__width-inherit elementor-invisible elementor-widget elementor-widget-image\" data-id=\"32f6541\" data-element_type=\"widget\" data-settings=\"{&quot;_animation&quot;:&quot;zoomIn&quot;,&quot;_animation_delay&quot;:&quot;600&quot;}\" data-widget_type=\"image.default\">\n\t\t\t\t<div class=\"elementor-widget-container\">\n\t\t\t\t\t\t\t\t\t\t\t\t\t\t\t<img loading=\"lazy\" decoding=\"async\" width=\"318\" height=\"288\" src=\"https:\/\/muratlarmakine.com.tr\/en\/wp-content\/uploads\/2018\/11\/generic-corporate-3-3.jpg\" class=\"attachment-full size-full\" alt=\"\" \/>\t\t\t\t\t\t\t\t\t\t\t\t\t\t\t<\/div>\n\t\t\t\t<\/div>\n\t\t\t\t\t<\/div>\r\n\t\t\t\t<\/div>\r\n\t\t\t\t\t\t<\/div>\r\n\t\t\t\t<\/section>\r\n\t\t\t\t\t\t\t<\/div>\n\t\t","protected":false},"excerpt":{"rendered":"<p>Muratlar Makine \u0130malat \u0130th. \u0130hr. San. ve Tic. Ltd. \u015eti.\u200b It was established in Ankara, the industrial base of Turkey, in 2018 and took its name from the company founder. The purpose of establishment and specialization of the company is grating and expanded metal and construction manufacturing. Since its establishment, it has been taking firm [&hellip;]<\/p>\n","protected":false},"author":1,"featured_media":0,"parent":0,"menu_order":0,"comment_status":"closed","ping_status":"closed","template":"","meta":{"footnotes":""},"class_list":["post-55","page","type-page","status-publish","hentry"],"yoast_head":"<!-- This site is optimized with the Yoast SEO plugin v24.9 - https:\/\/yoast.com\/wordpress\/plugins\/seo\/ -->\n<title>About Us - Muratlar Machine - Ankara<\/title>\n<meta name=\"description\" content=\"It was established in Ankara, which is the industrial base, in 2018 and consists of the founder of the business. It is metal and construction\" \/>\n<meta name=\"robots\" content=\"index, follow, max-snippet:-1, max-image-preview:large, max-video-preview:-1\" \/>\n<link rel=\"canonical\" href=\"https:\/\/muratlarmakine.com.tr\/en\/about-us\/\" \/>\n<meta property=\"og:locale\" content=\"en_US\" \/>\n<meta property=\"og:type\" content=\"article\" \/>\n<meta property=\"og:title\" content=\"Muratlar Makine\" \/>\n<meta property=\"og:description\" content=\"Muratlar Makine uzmanl\u0131k alan\u0131m\u0131z olan Petek Platform Izgara ve Geni\u015fletilmi\u015f Metal, Merdiven ve Perfore metal imalat\u0131 yapmaktad\u0131r.\" \/>\n<meta property=\"og:url\" content=\"https:\/\/muratlarmakine.com.tr\/en\/about-us\/\" \/>\n<meta property=\"og:site_name\" content=\"Muratlar Machine\" \/>\n<meta property=\"article:modified_time\" content=\"2021-09-20T12:26:04+00:00\" \/>\n<meta property=\"og:image\" content=\"https:\/\/muratlarmakine.com.tr\/en\/wp-content\/uploads\/2021\/08\/ozel-imalatlarimiz-4-scaled.jpg\" \/>\n\t<meta property=\"og:image:width\" content=\"2560\" \/>\n\t<meta property=\"og:image:height\" content=\"1536\" \/>\n\t<meta property=\"og:image:type\" content=\"image\/jpeg\" \/>\n<meta name=\"twitter:card\" content=\"summary_large_image\" \/>\n<meta name=\"twitter:title\" content=\"Muratlar Makine\" \/>\n<meta name=\"twitter:description\" content=\"Muratlar Makine uzmanl\u0131k alan\u0131m\u0131z olan Petek Platform Izgara ve Geni\u015fletilmi\u015f Metal, Merdiven ve Perfore metal imalat\u0131 yapmaktad\u0131r.\" \/>\n<meta name=\"twitter:image\" content=\"https:\/\/muratlarmakine.com.tr\/en\/wp-content\/uploads\/2021\/08\/ozel-imalatlarimiz-4-scaled.jpg\" \/>\n<meta name=\"twitter:label1\" content=\"Est. reading time\" \/>\n\t<meta name=\"twitter:data1\" content=\"2 minutes\" \/>\n<script type=\"application\/ld+json\" class=\"yoast-schema-graph\">{\"@context\":\"https:\/\/schema.org\",\"@graph\":[{\"@type\":\"WebPage\",\"@id\":\"https:\/\/muratlarmakine.com.tr\/en\/about-us\/\",\"url\":\"https:\/\/muratlarmakine.com.tr\/en\/about-us\/\",\"name\":\"About Us - Muratlar Machine - Ankara\",\"isPartOf\":{\"@id\":\"https:\/\/muratlarmakine.com.tr\/en\/#website\"},\"primaryImageOfPage\":{\"@id\":\"https:\/\/muratlarmakine.com.tr\/en\/about-us\/#primaryimage\"},\"image\":{\"@id\":\"https:\/\/muratlarmakine.com.tr\/en\/about-us\/#primaryimage\"},\"thumbnailUrl\":\"https:\/\/muratlarmakine.com.tr\/en\/wp-content\/uploads\/2021\/08\/kurumsal-2x.jpg\",\"datePublished\":\"2016-06-13T15:48:45+00:00\",\"dateModified\":\"2021-09-20T12:26:04+00:00\",\"description\":\"It was established in Ankara, which is the industrial base, in 2018 and consists of the founder of the business. It is metal and construction\",\"inLanguage\":\"en-US\",\"potentialAction\":[{\"@type\":\"ReadAction\",\"target\":[\"https:\/\/muratlarmakine.com.tr\/en\/about-us\/\"]}]},{\"@type\":\"ImageObject\",\"inLanguage\":\"en-US\",\"@id\":\"https:\/\/muratlarmakine.com.tr\/en\/about-us\/#primaryimage\",\"url\":\"https:\/\/muratlarmakine.com.tr\/en\/wp-content\/uploads\/2021\/08\/kurumsal-2x.jpg\",\"contentUrl\":\"https:\/\/muratlarmakine.com.tr\/en\/wp-content\/uploads\/2021\/08\/kurumsal-2x.jpg\",\"width\":693,\"height\":469},{\"@type\":\"WebSite\",\"@id\":\"https:\/\/muratlarmakine.com.tr\/en\/#website\",\"url\":\"https:\/\/muratlarmakine.com.tr\/en\/\",\"name\":\"Muratlar Machine\",\"description\":\"Honeycomb Platform Grating\",\"potentialAction\":[{\"@type\":\"SearchAction\",\"target\":{\"@type\":\"EntryPoint\",\"urlTemplate\":\"https:\/\/muratlarmakine.com.tr\/en\/?s={search_term_string}\"},\"query-input\":{\"@type\":\"PropertyValueSpecification\",\"valueRequired\":true,\"valueName\":\"search_term_string\"}}],\"inLanguage\":\"en-US\"}]}<\/script>\n<!-- \/ Yoast SEO plugin. -->","yoast_head_json":{"title":"About Us - Muratlar Machine - Ankara","description":"It was established in Ankara, which is the industrial base, in 2018 and consists of the founder of the business. It is metal and construction","robots":{"index":"index","follow":"follow","max-snippet":"max-snippet:-1","max-image-preview":"max-image-preview:large","max-video-preview":"max-video-preview:-1"},"canonical":"https:\/\/muratlarmakine.com.tr\/en\/about-us\/","og_locale":"en_US","og_type":"article","og_title":"Muratlar Makine","og_description":"Muratlar Makine uzmanl\u0131k alan\u0131m\u0131z olan Petek Platform Izgara ve Geni\u015fletilmi\u015f Metal, Merdiven ve Perfore metal imalat\u0131 yapmaktad\u0131r.","og_url":"https:\/\/muratlarmakine.com.tr\/en\/about-us\/","og_site_name":"Muratlar Machine","article_modified_time":"2021-09-20T12:26:04+00:00","og_image":[{"width":2560,"height":1536,"url":"https:\/\/muratlarmakine.com.tr\/en\/wp-content\/uploads\/2021\/08\/ozel-imalatlarimiz-4-scaled.jpg","type":"image\/jpeg"}],"twitter_card":"summary_large_image","twitter_title":"Muratlar Makine","twitter_description":"Muratlar Makine uzmanl\u0131k alan\u0131m\u0131z olan Petek Platform Izgara ve Geni\u015fletilmi\u015f Metal, Merdiven ve Perfore metal imalat\u0131 yapmaktad\u0131r.","twitter_image":"https:\/\/muratlarmakine.com.tr\/en\/wp-content\/uploads\/2021\/08\/ozel-imalatlarimiz-4-scaled.jpg","twitter_misc":{"Est. reading time":"2 minutes"},"schema":{"@context":"https:\/\/schema.org","@graph":[{"@type":"WebPage","@id":"https:\/\/muratlarmakine.com.tr\/en\/about-us\/","url":"https:\/\/muratlarmakine.com.tr\/en\/about-us\/","name":"About Us - Muratlar Machine - Ankara","isPartOf":{"@id":"https:\/\/muratlarmakine.com.tr\/en\/#website"},"primaryImageOfPage":{"@id":"https:\/\/muratlarmakine.com.tr\/en\/about-us\/#primaryimage"},"image":{"@id":"https:\/\/muratlarmakine.com.tr\/en\/about-us\/#primaryimage"},"thumbnailUrl":"https:\/\/muratlarmakine.com.tr\/en\/wp-content\/uploads\/2021\/08\/kurumsal-2x.jpg","datePublished":"2016-06-13T15:48:45+00:00","dateModified":"2021-09-20T12:26:04+00:00","description":"It was established in Ankara, which is the industrial base, in 2018 and consists of the founder of the business. It is metal and construction","inLanguage":"en-US","potentialAction":[{"@type":"ReadAction","target":["https:\/\/muratlarmakine.com.tr\/en\/about-us\/"]}]},{"@type":"ImageObject","inLanguage":"en-US","@id":"https:\/\/muratlarmakine.com.tr\/en\/about-us\/#primaryimage","url":"https:\/\/muratlarmakine.com.tr\/en\/wp-content\/uploads\/2021\/08\/kurumsal-2x.jpg","contentUrl":"https:\/\/muratlarmakine.com.tr\/en\/wp-content\/uploads\/2021\/08\/kurumsal-2x.jpg","width":693,"height":469},{"@type":"WebSite","@id":"https:\/\/muratlarmakine.com.tr\/en\/#website","url":"https:\/\/muratlarmakine.com.tr\/en\/","name":"Muratlar Machine","description":"Honeycomb Platform Grating","potentialAction":[{"@type":"SearchAction","target":{"@type":"EntryPoint","urlTemplate":"https:\/\/muratlarmakine.com.tr\/en\/?s={search_term_string}"},"query-input":{"@type":"PropertyValueSpecification","valueRequired":true,"valueName":"search_term_string"}}],"inLanguage":"en-US"}]}},"_links":{"self":[{"href":"https:\/\/muratlarmakine.com.tr\/en\/wp-json\/wp\/v2\/pages\/55","targetHints":{"allow":["GET"]}}],"collection":[{"href":"https:\/\/muratlarmakine.com.tr\/en\/wp-json\/wp\/v2\/pages"}],"about":[{"href":"https:\/\/muratlarmakine.com.tr\/en\/wp-json\/wp\/v2\/types\/page"}],"author":[{"embeddable":true,"href":"https:\/\/muratlarmakine.com.tr\/en\/wp-json\/wp\/v2\/users\/1"}],"replies":[{"embeddable":true,"href":"https:\/\/muratlarmakine.com.tr\/en\/wp-json\/wp\/v2\/comments?post=55"}],"version-history":[{"count":16,"href":"https:\/\/muratlarmakine.com.tr\/en\/wp-json\/wp\/v2\/pages\/55\/revisions"}],"predecessor-version":[{"id":5626,"href":"https:\/\/muratlarmakine.com.tr\/en\/wp-json\/wp\/v2\/pages\/55\/revisions\/5626"}],"wp:attachment":[{"href":"https:\/\/muratlarmakine.com.tr\/en\/wp-json\/wp\/v2\/media?parent=55"}],"curies":[{"name":"wp","href":"https:\/\/api.w.org\/{rel}","templated":true}]}}